{"id":105,"date":"2023-06-09T22:05:17","date_gmt":"2023-06-09T20:05:17","guid":{"rendered":"http:\/\/localhost\/?page_id=105"},"modified":"2025-04-29T22:31:45","modified_gmt":"2025-04-29T20:31:45","slug":"a-voir","status":"publish","type":"page","link":"https:\/\/association-intersection.fr\/?page_id=105","title":{"rendered":"A voir"},"content":{"rendered":"\n<p>Interview de Kim Bradford au Caf\u00e9 Curieux<\/p>\n\n\n\n<figure class=\"wp-block-video\"><video controls src=\"\/wp-content\/medias\/ITW_KimBradford.mp4\"><\/video><\/figure>\n\n\n\n<br>\n\n\n\n<p>Cr\u00e9ation atelier musical des Copains d&rsquo;Abord<\/p>\n\n\n\n<figure class=\"wp-block-video\"><video controls src=\"https:\/\/association-intersection.fr\/wp-content\/media\/La licorne.mp4\"><\/video><\/figure>\n\n\n\n<br>\n\n\n\n<p>D\u00e9couverte du portrait de Mehdi par Sabine Stellittano au Caf\u00e9 Curieux<\/p>\n\n\n\n<figure class=\"wp-block-embed is-type-video is-provider-youtube wp-block-embed-youtube wp-embed-aspect-16-9 wp-has-aspect-ratio\"><div class=\"wp-block-embed__wrapper\">\n<iframe loading=\"lazy\" title=\"Portrait Mehdi\" width=\"1032\" height=\"581\" src=\"https:\/\/www.youtube.com\/embed\/LHCJjmuTzUc?feature=oembed\" frameborder=\"0\" allow=\"accelerometer; autoplay; clipboard-write; encrypted-media; gyroscope; picture-in-picture; web-share\" referrerpolicy=\"strict-origin-when-cross-origin\" allowfullscreen><\/iframe>\n<\/div><\/figure>\n","protected":false},"excerpt":{"rendered":"<p>Interview de Kim Bradford au Caf\u00e9 Curieux Cr\u00e9ation atelier musical des Copains d&rsquo;Abord D\u00e9couverte du portrait de Mehdi par Sabine Stellittano au Caf\u00e9 Curieux<\/p>\n","protected":false},"author":1,"featured_media":0,"parent":0,"menu_order":0,"comment_status":"closed","ping_status":"closed","template":"","meta":{"footnotes":""},"class_list":["post-105","page","type-page","status-publish","hentry"],"_links":{"self":[{"href":"https:\/\/association-intersection.fr\/index.php?rest_route=\/wp\/v2\/pages\/105","targetHints":{"allow":["GET"]}}],"collection":[{"href":"https:\/\/association-intersection.fr\/index.php?rest_route=\/wp\/v2\/pages"}],"about":[{"href":"https:\/\/association-intersection.fr\/index.php?rest_route=\/wp\/v2\/types\/page"}],"author":[{"embeddable":true,"href":"https:\/\/association-intersection.fr\/index.php?rest_route=\/wp\/v2\/users\/1"}],"replies":[{"embeddable":true,"href":"https:\/\/association-intersection.fr\/index.php?rest_route=%2Fwp%2Fv2%2Fcomments&post=105"}],"version-history":[{"count":16,"href":"https:\/\/association-intersection.fr\/index.php?rest_route=\/wp\/v2\/pages\/105\/revisions"}],"predecessor-version":[{"id":1167,"href":"https:\/\/association-intersection.fr\/index.php?rest_route=\/wp\/v2\/pages\/105\/revisions\/1167"}],"wp:attachment":[{"href":"https:\/\/association-intersection.fr\/index.php?rest_route=%2Fwp%2Fv2%2Fmedia&parent=105"}],"curies":[{"name":"wp","href":"https:\/\/api.w.org\/{rel}","templated":true}]}}