{"id":109,"date":"2023-06-23T21:23:36","date_gmt":"2023-06-23T19:23:36","guid":{"rendered":"http:\/\/localhost\/?page_id=109"},"modified":"2023-11-11T22:28:37","modified_gmt":"2023-11-11T21:28:37","slug":"administration","status":"publish","type":"page","link":"https:\/\/association-intersection.fr\/?page_id=109","title":{"rendered":"Administration"},"content":{"rendered":"\n<div class=\"wp-block-group\"><div class=\"wp-block-group__inner-container is-layout-constrained wp-block-group-is-layout-constrained\">\n<div class=\"wp-block-group\"><div class=\"wp-block-group__inner-container is-layout-constrained wp-block-group-is-layout-constrained\">\n<div class=\"wp-block-group has-sitebg-color has-accent-2-background-color has-text-color has-background has-link-color wp-elements-07d37f94789a61193a8c88566f109965\"><div class=\"wp-block-group__inner-container is-layout-constrained wp-block-group-is-layout-constrained\">\n<div class=\"wp-block-group has-background\" style=\"background-color:#153b0c\"><div class=\"wp-block-group__inner-container is-layout-constrained wp-block-group-is-layout-constrained\">\n<body style=\"background-color:#153b0c;\">\n<br><font size=\"5\"><center>R\u00d4LE DU PARRAIN <\/center><\/font>\n<br><p align=\"justify\">\n\u00ab\u00a0 Une des conditions \u00e0 remplir par l&rsquo;association constituant le GEM pour \u00eatre conventionn\u00e9e et financ\u00e9e en tant que GEM est d&rsquo;avoir le soutien d&rsquo;un parrain et de conclure une convention de parrainage de mani\u00e8re \u00e0 faciliter le bon fonctionnement du GEM. <br>\n<br>\nLe r\u00f4le du parrain consiste \u00e0 soutenir le GEM dans son fonctionnement associatif avec une position de tiers et de m\u00e9diateur, notamment en cas de difficult\u00e9s ou de conflits (internes, entre professionnels et membres du GEM, avec le cas \u00e9ch\u00e9ant les prestataires de services ou l&rsquo;association gestionnaire&#8230;) Il veille ainsi au respect de l&rsquo;\u00e9thique des GEM, notamment par une mise en \u0153uvre ad\u00e9quate du cahier des charges, en particulier sur le respect du choix des adh\u00e9rents du GEM, dans la limite des r\u00e9glementations en vigueur (droit du travail, r\u00e8gles budg\u00e9taires&#8230;). <br>\n<br>\nIl peut aider le GEM \u00e0 s&rsquo;organiser et, en cas de crise, assurer temporairement certaines des missions de l&rsquo;association, sans toutefois s&rsquo;y substituer ou la mettre \u00ab\u00a0sous tutelle\u00a0\u00bb.\nCet appui trouve son prolongement dans sa participation de droit, avec voix consultative, aux instances de l&rsquo;association constituant le GEM.\u00a0\u00bb <br>\n<br>\n\u00ab\u00a0Le parrain peut \u00eatre\u00a0:<br>\n<br>\n&#8211; une association d&rsquo;usagers (patients, ex-patients, personnes handicap\u00e9es)\u00a0;<br>\n&#8211; une association ou tout organisme reconnu comme en capacit\u00e9 d&rsquo;apporter un soutient aux adh\u00e9rents\u00a0;<br>\n&#8211; une association de familles.<br>\n<br>\nL&rsquo;association remplissant le r\u00f4le de parrain doit avoir un champ d&rsquo;action compatible avec l&rsquo;action des GEM, et les moyens de remplir sa mission de parrain, telle qu&rsquo;elle est d\u00e9finie dans la convention.<br>\n<br>\nDans un souci de clart\u00e9 des r\u00f4les de chacun, le parrain ne peut pas \u00eatre l&rsquo;organisme gestionnaire du GEM\u00a0: les deux activit\u00e9s (parrainage et gestion) ne peuvent donc pas \u00eatre assur\u00e9es par le m\u00eame organisme.<br>\nIl peut cependant y avoir une exception pour les GEM accueillant un public traumatis\u00e9 cr\u00e2nien ou c\u00e9r\u00e9bro-l\u00e9s\u00e9, qui se sont organis\u00e9s sur un mod\u00e8le o\u00f9 l&rsquo;association marraine est aussi l&rsquo;association gestionnaire.<br>\nDans ce cas, des conventions de parrainage et de gestion doivent \u00eatre syst\u00e9matiquement \u00e9tablies, en distinguant bien les deux activit\u00e9s et en pr\u00e9voyant des possibilit\u00e9s de m\u00e9diation, inscrites dans les conventions, en cas de conflit entre l&rsquo;association gestionnaire marraine et le GEM.<br>\n<br>\nUne convention de parrainage est obligatoire pour bien identifier le r\u00f4le et les responsabilit\u00e9s de chacun.<br>\n<br>\nA cet effet, elle doit formaliser les modalit\u00e9s de l&rsquo;appui ainsi apport\u00e9 \u00e0 l&rsquo;association constituant le groupe d&rsquo;entraide mutuelle, avec le souci de favoriser son autonomie tout en lui assurant un soutien et des garanties pour un bon fonctionnement.\u00a0\u00bb\n(Arr\u00eat\u00e9 du 27 juin 2019 fixant le cahier des charges des groupes d&rsquo;entraide mutuelle)<br><br><\/p>\n<\/body>\n<\/div><\/div>\n<\/div><\/div>\n<\/div><\/div>\n<\/div><\/div>\n\n\n\n<div class=\"wp-block-media-text is-stacked-on-mobile\"><figure class=\"wp-block-media-text__media\"><img loading=\"lazy\" decoding=\"async\" width=\"816\" height=\"1024\" src=\"https:\/\/association-intersection.fr\/wp-content\/uploads\/2023\/11\/Financement-img-816x1024.jpg\" alt=\"\" class=\"wp-image-359 size-full\" srcset=\"https:\/\/association-intersection.fr\/wp-content\/uploads\/2023\/11\/Financement-img-816x1024.jpg 816w, https:\/\/association-intersection.fr\/wp-content\/uploads\/2023\/11\/Financement-img-239x300.jpg 239w, https:\/\/association-intersection.fr\/wp-content\/uploads\/2023\/11\/Financement-img-768x963.jpg 768w, https:\/\/association-intersection.fr\/wp-content\/uploads\/2023\/11\/Financement-img.jpg 897w\" sizes=\"auto, (max-width: 816px) 100vw, 816px\" \/><\/figure><div class=\"wp-block-media-text__content\">\n<p class=\"has-normal-font-size\">Chaque GEM per\u00e7oit un financement de l&rsquo;ARS d&rsquo;un montant de 77 000 euros.<\/p>\n\n\n\n<p class=\"has-normal-font-size\">Subventions<\/p>\n\n\n\n<p class=\"has-normal-font-size\">Chaque ann\u00e9e, des demandes de subventions (collectivit\u00e9s locales, Conseil d\u00e9partemental, ARS&#8230;) sont effectu\u00e9es par la tr\u00e9sori\u00e8re en fonction des projets des GEM.<\/p>\n\n\n\n<p class=\"has-normal-font-size\">Comptabilit\u00e9<\/p>\n\n\n\n<p class=\"has-normal-font-size\">Le tr\u00e9sorier adjoint (ancien directeur g\u00e9n\u00e9ral) est en charge de la comptabilit\u00e9 et de l&rsquo;\u00e9tablissement des fiches de paie.<\/p>\n\n\n\n<p class=\"has-normal-font-size\">Un rapport est r\u00e9alis\u00e9 chaque ann\u00e9e par le Commissaire aux Comptes et pr\u00e9sent\u00e9 lors de l&rsquo;Assembl\u00e9e G\u00e9n\u00e9rale, qui se tient une fois par an.<\/p>\n<\/div><\/div>\n","protected":false},"excerpt":{"rendered":"<p>R\u00d4LE DU PARRAIN \u00ab\u00a0 Une des conditions \u00e0 remplir par l&rsquo;association constituant le GEM pour \u00eatre conventionn\u00e9e et financ\u00e9e en tant que GEM est d&rsquo;avoir &hellip;<\/p>\n","protected":false},"author":1,"featured_media":0,"parent":0,"menu_order":0,"comment_status":"closed","ping_status":"closed","template":"","meta":{"footnotes":""},"class_list":["post-109","page","type-page","status-publish","hentry"],"_links":{"self":[{"href":"https:\/\/association-intersection.fr\/index.php?rest_route=\/wp\/v2\/pages\/109","targetHints":{"allow":["GET"]}}],"collection":[{"href":"https:\/\/association-intersection.fr\/index.php?rest_route=\/wp\/v2\/pages"}],"about":[{"href":"https:\/\/association-intersection.fr\/index.php?rest_route=\/wp\/v2\/types\/page"}],"author":[{"embeddable":true,"href":"https:\/\/association-intersection.fr\/index.php?rest_route=\/wp\/v2\/users\/1"}],"replies":[{"embeddable":true,"href":"https:\/\/association-intersection.fr\/index.php?rest_route=%2Fwp%2Fv2%2Fcomments&post=109"}],"version-history":[{"count":26,"href":"https:\/\/association-intersection.fr\/index.php?rest_route=\/wp\/v2\/pages\/109\/revisions"}],"predecessor-version":[{"id":380,"href":"https:\/\/association-intersection.fr\/index.php?rest_route=\/wp\/v2\/pages\/109\/revisions\/380"}],"wp:attachment":[{"href":"https:\/\/association-intersection.fr\/index.php?rest_route=%2Fwp%2Fv2%2Fmedia&parent=109"}],"curies":[{"name":"wp","href":"https:\/\/api.w.org\/{rel}","templated":true}]}}