{"id":147,"date":"2023-07-07T21:42:29","date_gmt":"2023-07-07T19:42:29","guid":{"rendered":"http:\/\/localhost\/?page_id=147"},"modified":"2025-01-17T21:49:26","modified_gmt":"2025-01-17T20:49:26","slug":"actualites","status":"publish","type":"page","link":"https:\/\/association-intersection.fr\/?page_id=147","title":{"rendered":"Ev\u00e8nements"},"content":{"rendered":"\n<p class=\"has-text-align-center\"><strong>Vernissage du 11 janvier 2025 au Caf\u00e9 Curieux<\/strong><\/p>\n\n\n\n<figure class=\"wp-block-embed is-type-video is-provider-youtube wp-block-embed-youtube wp-embed-aspect-16-9 wp-has-aspect-ratio\"><div class=\"wp-block-embed__wrapper\">\n<iframe loading=\"lazy\" title=\"Vernissage Ce q uil me reste intro\" width=\"1032\" height=\"581\" src=\"https:\/\/www.youtube.com\/embed\/KnG6ivAr1l8?feature=oembed\" frameborder=\"0\" allow=\"accelerometer; autoplay; clipboard-write; encrypted-media; gyroscope; picture-in-picture; web-share\" referrerpolicy=\"strict-origin-when-cross-origin\" allowfullscreen><\/iframe>\n<\/div><\/figure>\n\n\n\n<br>\n\n\n\n<p class=\"has-text-align-center\">Quelques images de cet \u00e9t\u00e9 avec Intersection<\/p>\n\n\n\n<div class=\"alignnormal\"><div id=\"metaslider-id-781\" style=\"max-width: 330px; margin: 0 auto;\" class=\"ml-slider-3-107-0 metaslider metaslider-flex metaslider-781 ml-slider ms-theme-default nav-hidden\" role=\"region\" aria-label=\"Un \u00e9t\u00e9 avec les GEM d&#039;Intersection\" data-height=\"130\" data-width=\"330\">\n    <div id=\"metaslider_container_781\">\n        <div id=\"metaslider_781\">\n            <ul class='slides'>\n                <li style=\"display: block; width: 100%;\" class=\"slide-782 ms-image \" aria-roledescription=\"slide\" data-date=\"2024-07-16 22:17:17\" data-filename=\"WhatsApp-Image-2024-06-08-at-12.17.38.jpeg\" data-slide-type=\"image\"><img loading=\"lazy\" decoding=\"async\" src=\"https:\/\/association-intersection.fr\/wp-content\/uploads\/2024\/07\/WhatsApp-Image-2024-06-08-at-12.17.38.jpeg\" height=\"130\" width=\"330\" alt=\"\" class=\"slider-781 slide-782 msDefaultImage\" title=\"WhatsApp-Image-2024-06-08-at-12.17.38\" \/><\/li>\n                <li style=\"display: none; width: 100%;\" class=\"slide-783 ms-image \" aria-roledescription=\"slide\" data-date=\"2024-07-16 22:17:17\" data-filename=\"WhatsApp-Image-2024-06-13-at-10.20.45.jpeg\" data-slide-type=\"image\"><img loading=\"lazy\" decoding=\"async\" src=\"https:\/\/association-intersection.fr\/wp-content\/uploads\/2024\/07\/WhatsApp-Image-2024-06-13-at-10.20.45.jpeg\" height=\"130\" width=\"330\" alt=\"\" class=\"slider-781 slide-783 msDefaultImage\" title=\"WhatsApp-Image-2024-06-13-at-10.20.45\" \/><div class=\"caption-wrap\"><div class=\"caption\"><div style=\"text-align:center;\">S\u00e9ance de m\u00e9nage au GEM d'Etampes<\/div><\/div><\/div><\/li>\n                <li style=\"display: none; width: 100%;\" class=\"slide-784 ms-image \" aria-roledescription=\"slide\" data-date=\"2024-07-16 22:17:17\" data-filename=\"WhatsApp-Image-2024-06-13-at-11.27.02.jpeg\" data-slide-type=\"image\"><img loading=\"lazy\" decoding=\"async\" src=\"https:\/\/association-intersection.fr\/wp-content\/uploads\/2024\/07\/WhatsApp-Image-2024-06-13-at-11.27.02.jpeg\" height=\"130\" width=\"330\" alt=\"\" class=\"slider-781 slide-784 msDefaultImage\" title=\"WhatsApp-Image-2024-06-13-at-11.27.02\" \/><\/li>\n                <li style=\"display: none; width: 100%;\" class=\"slide-785 ms-image \" aria-roledescription=\"slide\" data-date=\"2024-07-16 22:17:17\" data-filename=\"WhatsApp-Image-2024-06-15-at-17.00.54.jpeg\" data-slide-type=\"image\"><img loading=\"lazy\" decoding=\"async\" src=\"https:\/\/association-intersection.fr\/wp-content\/uploads\/2024\/07\/WhatsApp-Image-2024-06-15-at-17.00.54.jpeg\" height=\"130\" width=\"330\" alt=\"\" class=\"slider-781 slide-785 msDefaultImage\" title=\"WhatsApp-Image-2024-06-15-at-17.00.54\" \/><div class=\"caption-wrap\"><div class=\"caption\"><div style=\"text-align:center;\">Festival des Terriens du Bord de Lune au CVS de Grigny<\/div><\/div><\/div><\/li>\n                <li style=\"display: none; width: 100%;\" class=\"slide-786 ms-image \" aria-roledescription=\"slide\" data-date=\"2024-07-16 22:17:17\" data-filename=\"WhatsApp-Image-2024-06-16-at-10.46.27.jpeg\" data-slide-type=\"image\"><img loading=\"lazy\" decoding=\"async\" src=\"https:\/\/association-intersection.fr\/wp-content\/uploads\/2024\/07\/WhatsApp-Image-2024-06-16-at-10.46.27.jpeg\" height=\"130\" width=\"330\" alt=\"\" class=\"slider-781 slide-786 msDefaultImage\" title=\"WhatsApp-Image-2024-06-16-at-10.46.27\" \/><div class=\"caption-wrap\"><div class=\"caption\"><div style=\"text-align:center;\">Atelier cuisine au GEM d'Etampes<\/div><\/div><\/div><\/li>\n                <li style=\"display: none; width: 100%;\" class=\"slide-787 ms-image \" aria-roledescription=\"slide\" data-date=\"2024-07-16 22:17:17\" data-filename=\"WhatsApp-Image-2024-06-16-at-12.56.48.jpeg\" data-slide-type=\"image\"><img loading=\"lazy\" decoding=\"async\" src=\"https:\/\/association-intersection.fr\/wp-content\/uploads\/2024\/07\/WhatsApp-Image-2024-06-16-at-12.56.48.jpeg\" height=\"130\" width=\"330\" alt=\"\" class=\"slider-781 slide-787 msDefaultImage\" title=\"WhatsApp-Image-2024-06-16-at-12.56.48\" \/><\/li>\n                <li style=\"display: none; width: 100%;\" class=\"slide-788 ms-image \" aria-roledescription=\"slide\" data-date=\"2024-07-16 22:17:17\" data-filename=\"WhatsApp-Image-2024-06-19-at-15.32.49.jpeg\" data-slide-type=\"image\"><img loading=\"lazy\" decoding=\"async\" src=\"https:\/\/association-intersection.fr\/wp-content\/uploads\/2024\/07\/WhatsApp-Image-2024-06-19-at-15.32.49.jpeg\" height=\"130\" width=\"330\" alt=\"\" class=\"slider-781 slide-788 msDefaultImage\" title=\"WhatsApp-Image-2024-06-19-at-15.32.49\" \/><\/li>\n                <li style=\"display: none; width: 100%;\" class=\"slide-789 ms-image \" aria-roledescription=\"slide\" data-date=\"2024-07-16 22:17:17\" data-filename=\"WhatsApp-Image-2024-06-20-at-11.51.28.jpeg\" data-slide-type=\"image\"><img loading=\"lazy\" decoding=\"async\" src=\"https:\/\/association-intersection.fr\/wp-content\/uploads\/2024\/07\/WhatsApp-Image-2024-06-20-at-11.51.28.jpeg\" height=\"130\" width=\"330\" alt=\"\" class=\"slider-781 slide-789 msDefaultImage\" title=\"WhatsApp-Image-2024-06-20-at-11.51.28\" \/><\/li>\n                <li style=\"display: none; width: 100%;\" class=\"slide-790 ms-image \" aria-roledescription=\"slide\" data-date=\"2024-07-16 22:17:17\" data-filename=\"WhatsApp-Image-2024-06-20-at-11.51.39.jpeg\" data-slide-type=\"image\"><img loading=\"lazy\" decoding=\"async\" src=\"https:\/\/association-intersection.fr\/wp-content\/uploads\/2024\/07\/WhatsApp-Image-2024-06-20-at-11.51.39.jpeg\" height=\"130\" width=\"330\" alt=\"\" class=\"slider-781 slide-790 msDefaultImage\" title=\"WhatsApp-Image-2024-06-20-at-11.51.39\" \/><\/li>\n                <li style=\"display: none; width: 100%;\" class=\"slide-791 ms-image \" aria-roledescription=\"slide\" data-date=\"2024-07-16 22:17:18\" data-filename=\"WhatsApp-Image-2024-06-20-at-12.00.14.jpeg\" data-slide-type=\"image\"><img loading=\"lazy\" decoding=\"async\" src=\"https:\/\/association-intersection.fr\/wp-content\/uploads\/2024\/07\/WhatsApp-Image-2024-06-20-at-12.00.14.jpeg\" height=\"130\" width=\"330\" alt=\"\" class=\"slider-781 slide-791 msDefaultImage\" title=\"WhatsApp-Image-2024-06-20-at-12.00.14\" \/><\/li>\n                <li style=\"display: none; width: 100%;\" class=\"slide-792 ms-image \" aria-roledescription=\"slide\" data-date=\"2024-07-16 22:17:18\" data-filename=\"WhatsApp-Image-2024-06-20-at-12.18.08.jpeg\" data-slide-type=\"image\"><img loading=\"lazy\" decoding=\"async\" src=\"https:\/\/association-intersection.fr\/wp-content\/uploads\/2024\/07\/WhatsApp-Image-2024-06-20-at-12.18.08.jpeg\" height=\"130\" width=\"330\" alt=\"\" class=\"slider-781 slide-792 msDefaultImage\" title=\"WhatsApp-Image-2024-06-20-at-12.18.08\" \/><\/li>\n                <li style=\"display: none; width: 100%;\" class=\"slide-793 ms-image \" aria-roledescription=\"slide\" data-date=\"2024-07-16 22:17:18\" data-filename=\"WhatsApp-Image-2024-06-21-at-11.26.12.jpeg\" data-slide-type=\"image\"><img loading=\"lazy\" decoding=\"async\" src=\"https:\/\/association-intersection.fr\/wp-content\/uploads\/2024\/07\/WhatsApp-Image-2024-06-21-at-11.26.12.jpeg\" height=\"130\" width=\"330\" alt=\"\" class=\"slider-781 slide-793 msDefaultImage\" title=\"WhatsApp-Image-2024-06-21-at-11.26.12\" \/><\/li>\n                <li style=\"display: none; width: 100%;\" class=\"slide-794 ms-image \" aria-roledescription=\"slide\" data-date=\"2024-07-16 22:17:18\" data-filename=\"WhatsApp-Image-2024-06-21-at-11.29.57.jpeg\" data-slide-type=\"image\"><img loading=\"lazy\" decoding=\"async\" src=\"https:\/\/association-intersection.fr\/wp-content\/uploads\/2024\/07\/WhatsApp-Image-2024-06-21-at-11.29.57.jpeg\" height=\"130\" width=\"330\" alt=\"\" class=\"slider-781 slide-794 msDefaultImage\" title=\"WhatsApp-Image-2024-06-21-at-11.29.57\" \/><\/li>\n                <li style=\"display: none; width: 100%;\" class=\"slide-795 ms-image \" aria-roledescription=\"slide\" data-date=\"2024-07-16 22:17:18\" data-filename=\"WhatsApp-Image-2024-06-22-at-13.31.50.jpeg\" data-slide-type=\"image\"><img loading=\"lazy\" decoding=\"async\" src=\"https:\/\/association-intersection.fr\/wp-content\/uploads\/2024\/07\/WhatsApp-Image-2024-06-22-at-13.31.50.jpeg\" height=\"130\" width=\"330\" alt=\"\" class=\"slider-781 slide-795 msDefaultImage\" title=\"WhatsApp-Image-2024-06-22-at-13.31.50\" \/><\/li>\n                <li style=\"display: none; width: 100%;\" class=\"slide-796 ms-image \" aria-roledescription=\"slide\" data-date=\"2024-07-16 22:17:18\" data-filename=\"WhatsApp-Image-2024-06-22-at-13.34.16.jpeg\" data-slide-type=\"image\"><img loading=\"lazy\" decoding=\"async\" src=\"https:\/\/association-intersection.fr\/wp-content\/uploads\/2024\/07\/WhatsApp-Image-2024-06-22-at-13.34.16.jpeg\" height=\"130\" width=\"330\" alt=\"\" class=\"slider-781 slide-796 msDefaultImage\" title=\"WhatsApp-Image-2024-06-22-at-13.34.16\" \/><div class=\"caption-wrap\"><div class=\"caption\"><div style=\"text-align:center;\">Tournois de foot au stade Fayel de St Michel sur Orge<\/div><\/div><\/div><\/li>\n                <li style=\"display: none; width: 100%;\" class=\"slide-797 ms-image \" aria-roledescription=\"slide\" data-date=\"2024-07-16 22:17:18\" data-filename=\"WhatsApp-Image-2024-06-22-at-13.34.17-1.jpeg\" data-slide-type=\"image\"><img loading=\"lazy\" decoding=\"async\" src=\"https:\/\/association-intersection.fr\/wp-content\/uploads\/2024\/07\/WhatsApp-Image-2024-06-22-at-13.34.17-1.jpeg\" height=\"130\" width=\"330\" alt=\"\" class=\"slider-781 slide-797 msDefaultImage\" title=\"WhatsApp-Image-2024-06-22-at-13.34.17-1\" \/><\/li>\n                <li style=\"display: none; width: 100%;\" class=\"slide-798 ms-image \" aria-roledescription=\"slide\" data-date=\"2024-07-16 22:17:18\" data-filename=\"WhatsApp-Image-2024-06-22-at-13.34.17-2.jpeg\" data-slide-type=\"image\"><img loading=\"lazy\" decoding=\"async\" src=\"https:\/\/association-intersection.fr\/wp-content\/uploads\/2024\/07\/WhatsApp-Image-2024-06-22-at-13.34.17-2.jpeg\" height=\"130\" width=\"330\" alt=\"\" class=\"slider-781 slide-798 msDefaultImage\" title=\"WhatsApp-Image-2024-06-22-at-13.34.17-2\" \/><\/li>\n                <li style=\"display: none; width: 100%;\" class=\"slide-799 ms-image \" aria-roledescription=\"slide\" data-date=\"2024-07-16 22:17:18\" data-filename=\"WhatsApp-Image-2024-06-22-at-13.34.17.jpeg\" data-slide-type=\"image\"><img loading=\"lazy\" decoding=\"async\" src=\"https:\/\/association-intersection.fr\/wp-content\/uploads\/2024\/07\/WhatsApp-Image-2024-06-22-at-13.34.17.jpeg\" height=\"130\" width=\"330\" alt=\"\" class=\"slider-781 slide-799 msDefaultImage\" title=\"WhatsApp-Image-2024-06-22-at-13.34.17\" \/><\/li>\n                <li style=\"display: none; width: 100%;\" class=\"slide-800 ms-image \" aria-roledescription=\"slide\" data-date=\"2024-07-16 22:17:18\" data-filename=\"WhatsApp-Image-2024-06-26-at-12.21.14.jpeg\" data-slide-type=\"image\"><img loading=\"lazy\" decoding=\"async\" src=\"https:\/\/association-intersection.fr\/wp-content\/uploads\/2024\/07\/WhatsApp-Image-2024-06-26-at-12.21.14.jpeg\" height=\"130\" width=\"330\" alt=\"\" class=\"slider-781 slide-800 msDefaultImage\" title=\"WhatsApp-Image-2024-06-26-at-12.21.14\" \/><div class=\"caption-wrap\"><div class=\"caption\"><div style=\"text-align:center;\">Journ\u00e9e \u00e0 la mer du GEM de Morsang sur Orge<\/div><\/div><\/div><\/li>\n                <li style=\"display: none; width: 100%;\" class=\"slide-801 ms-image \" aria-roledescription=\"slide\" data-date=\"2024-07-16 22:17:18\" data-filename=\"WhatsApp-Image-2024-06-26-at-14.58.50.jpeg\" data-slide-type=\"image\"><img loading=\"lazy\" decoding=\"async\" src=\"https:\/\/association-intersection.fr\/wp-content\/uploads\/2024\/07\/WhatsApp-Image-2024-06-26-at-14.58.50.jpeg\" height=\"130\" width=\"330\" alt=\"\" class=\"slider-781 slide-801 msDefaultImage\" title=\"WhatsApp-Image-2024-06-26-at-14.58.50\" \/><\/li>\n                <li style=\"display: none; width: 100%;\" class=\"slide-802 ms-image \" aria-roledescription=\"slide\" data-date=\"2024-07-16 22:17:18\" data-filename=\"WhatsApp-Image-2024-06-29-at-17.17.52.jpeg\" data-slide-type=\"image\"><img loading=\"lazy\" decoding=\"async\" src=\"https:\/\/association-intersection.fr\/wp-content\/uploads\/2024\/07\/WhatsApp-Image-2024-06-29-at-17.17.52.jpeg\" height=\"130\" width=\"330\" alt=\"\" class=\"slider-781 slide-802 msDefaultImage\" title=\"WhatsApp-Image-2024-06-29-at-17.17.52\" \/><div class=\"caption-wrap\"><div class=\"caption\"><div style=\"text-align:center;\">Petit frichti apr\u00e8s l'Assembl\u00e9e G\u00e9n\u00e9rale du 29 juin<\/div><\/div><\/div><\/li>\n                <li style=\"display: none; width: 100%;\" class=\"slide-803 ms-image \" aria-roledescription=\"slide\" data-date=\"2024-07-16 22:17:18\" data-filename=\"WhatsApp-Image-2024-07-06-at-14.25.18.jpeg\" data-slide-type=\"image\"><img loading=\"lazy\" decoding=\"async\" src=\"https:\/\/association-intersection.fr\/wp-content\/uploads\/2024\/07\/WhatsApp-Image-2024-07-06-at-14.25.18.jpeg\" height=\"130\" width=\"330\" alt=\"\" class=\"slider-781 slide-803 msDefaultImage\" title=\"WhatsApp-Image-2024-07-06-at-14.25.18\" \/><div class=\"caption-wrap\"><div class=\"caption\"><div style=\"text-align:center;\">Visite du domaine de Chamarande<\/div><\/div><\/div><\/li>\n                <li style=\"display: none; width: 100%;\" class=\"slide-804 ms-image \" aria-roledescription=\"slide\" data-date=\"2024-07-16 22:17:19\" data-filename=\"WhatsApp-Image-2024-07-06-at-14.51.12.jpeg\" data-slide-type=\"image\"><img loading=\"lazy\" decoding=\"async\" src=\"https:\/\/association-intersection.fr\/wp-content\/uploads\/2024\/07\/WhatsApp-Image-2024-07-06-at-14.51.12.jpeg\" height=\"130\" width=\"330\" alt=\"\" class=\"slider-781 slide-804 msDefaultImage\" title=\"WhatsApp-Image-2024-07-06-at-14.51.12\" \/><\/li>\n                <li style=\"display: none; width: 100%;\" class=\"slide-805 ms-image \" aria-roledescription=\"slide\" data-date=\"2024-07-16 22:17:19\" data-filename=\"WhatsApp-Image-2024-07-06-at-14.53.42.jpeg\" data-slide-type=\"image\"><img loading=\"lazy\" decoding=\"async\" src=\"https:\/\/association-intersection.fr\/wp-content\/uploads\/2024\/07\/WhatsApp-Image-2024-07-06-at-14.53.42.jpeg\" height=\"130\" width=\"330\" alt=\"\" class=\"slider-781 slide-805 msDefaultImage\" title=\"WhatsApp-Image-2024-07-06-at-14.53.42\" \/><\/li>\n                <li style=\"display: none; width: 100%;\" class=\"slide-806 ms-image \" aria-roledescription=\"slide\" data-date=\"2024-07-16 22:17:19\" data-filename=\"WhatsApp-Image-2024-07-09-at-16.45.32.jpeg\" data-slide-type=\"image\"><img loading=\"lazy\" decoding=\"async\" src=\"https:\/\/association-intersection.fr\/wp-content\/uploads\/2024\/07\/WhatsApp-Image-2024-07-09-at-16.45.32.jpeg\" height=\"130\" width=\"330\" alt=\"\" class=\"slider-781 slide-806 msDefaultImage\" title=\"WhatsApp-Image-2024-07-09-at-16.45.32\" \/><div class=\"caption-wrap\"><div class=\"caption\"><div style=\"text-align:center;\">Karaok\u00e9 improvis\u00e9 au GEM de Ste Genevi\u00e8ve des Bois<\/div><\/div><\/div><\/li>\n                <li style=\"display: none; width: 100%;\" class=\"slide-807 ms-image \" aria-roledescription=\"slide\" data-date=\"2024-07-16 22:17:19\" data-filename=\"WhatsApp-Image-2024-07-10-at-13.58.43.jpeg\" data-slide-type=\"image\"><img loading=\"lazy\" decoding=\"async\" src=\"https:\/\/association-intersection.fr\/wp-content\/uploads\/2024\/07\/WhatsApp-Image-2024-07-10-at-13.58.43.jpeg\" height=\"130\" width=\"330\" alt=\"\" class=\"slider-781 slide-807 msDefaultImage\" title=\"WhatsApp-Image-2024-07-10-at-13.58.43\" \/><div class=\"caption-wrap\"><div class=\"caption\"><div style=\"text-align:center;\">Sortie des GEM au lac d'Orient le 10 juillet<\/div><\/div><\/div><\/li>\n                <li style=\"display: none; width: 100%;\" class=\"slide-808 ms-image \" aria-roledescription=\"slide\" data-date=\"2024-07-16 22:17:19\" data-filename=\"WhatsApp-Image-2024-07-14-at-22.47.38.jpeg\" data-slide-type=\"image\"><img loading=\"lazy\" decoding=\"async\" src=\"https:\/\/association-intersection.fr\/wp-content\/uploads\/2024\/07\/WhatsApp-Image-2024-07-14-at-22.47.38.jpeg\" height=\"130\" width=\"330\" alt=\"\" class=\"slider-781 slide-808 msDefaultImage\" title=\"WhatsApp-Image-2024-07-14-at-22.47.38\" \/><div class=\"caption-wrap\"><div class=\"caption\"><div style=\"text-align:center;\">Sortie \u00e0 Ris Orangis pour le feu d'artifice du 14 juillet<\/div><\/div><\/div><\/li>\n                <li style=\"display: none; width: 100%;\" class=\"slide-809 ms-image \" aria-roledescription=\"slide\" data-date=\"2024-07-16 22:17:19\" data-filename=\"WhatsApp-Image-2024-07-14-at-23.14.13.jpeg\" data-slide-type=\"image\"><img loading=\"lazy\" decoding=\"async\" src=\"https:\/\/association-intersection.fr\/wp-content\/uploads\/2024\/07\/WhatsApp-Image-2024-07-14-at-23.14.13.jpeg\" height=\"130\" width=\"330\" alt=\"\" class=\"slider-781 slide-809 msDefaultImage\" title=\"WhatsApp-Image-2024-07-14-at-23.14.13\" \/><div class=\"caption-wrap\"><div class=\"caption\"><div style=\"text-align:center;\">Loto interGEM \u00e0 Ste Genevi\u00e8ve des Bois<\/div><\/div><\/div><\/li>\n                <li style=\"display: none; width: 100%;\" class=\"slide-810 ms-image \" aria-roledescription=\"slide\" data-date=\"2024-07-16 22:17:19\" data-filename=\"WhatsApp-Image-2024-07-16-at-15.13.15.jpeg\" data-slide-type=\"image\"><img loading=\"lazy\" decoding=\"async\" src=\"https:\/\/association-intersection.fr\/wp-content\/uploads\/2024\/07\/WhatsApp-Image-2024-07-16-at-15.13.15.jpeg\" height=\"130\" width=\"330\" alt=\"\" class=\"slider-781 slide-810 msDefaultImage\" title=\"WhatsApp-Image-2024-07-16-at-15.13.15\" \/><div class=\"caption-wrap\"><div class=\"caption\"><div style=\"text-align:center;\">Sortie des GEM \u00e0 la base de loisir de Buthiers<\/div><\/div><\/div><\/li>\n            <\/ul>\n        <\/div>\n        \n    <\/div>\n<\/div><\/div>\n\n\n\n<p><\/p>\n\n\n\n<p>Festival de Po\u00e9sie en juin<\/p>\n\n\n<div class=\"wp-block-image\">\n<figure class=\"aligncenter size-large is-resized\"><a href=\"https:\/\/lesterriensduborddelune.fr\/\" target=\"_blank\" rel=\"noreferrer noopener\"><img loading=\"lazy\" decoding=\"async\" width=\"366\" height=\"1024\" src=\"https:\/\/association-intersection.fr\/wp-content\/uploads\/2024\/05\/DoubleA5-366x1024.jpg\" alt=\"\" class=\"wp-image-701\" style=\"width:1024px\" srcset=\"https:\/\/association-intersection.fr\/wp-content\/uploads\/2024\/05\/DoubleA5-366x1024.jpg 366w, https:\/\/association-intersection.fr\/wp-content\/uploads\/2024\/05\/DoubleA5-107x300.jpg 107w, https:\/\/association-intersection.fr\/wp-content\/uploads\/2024\/05\/DoubleA5-768x2150.jpg 768w, https:\/\/association-intersection.fr\/wp-content\/uploads\/2024\/05\/DoubleA5-549x1536.jpg 549w, https:\/\/association-intersection.fr\/wp-content\/uploads\/2024\/05\/DoubleA5-732x2048.jpg 732w, https:\/\/association-intersection.fr\/wp-content\/uploads\/2024\/05\/DoubleA5.jpg 886w\" sizes=\"auto, (max-width: 366px) 100vw, 366px\" \/><\/a><\/figure>\n<\/div>\n\n\n<br><br>\n\n\n\n<figure class=\"wp-block-embed is-type-video is-provider-youtube wp-block-embed-youtube wp-embed-aspect-16-9 wp-has-aspect-ratio\"><div class=\"wp-block-embed__wrapper\">\n<iframe loading=\"lazy\" title=\"Vernissage de l&#039;exposition &quot;Ensemblage&quot;\" width=\"1032\" height=\"581\" src=\"https:\/\/www.youtube.com\/embed\/22U42VKBc7A?feature=oembed\" frameborder=\"0\" allow=\"accelerometer; autoplay; clipboard-write; encrypted-media; gyroscope; picture-in-picture; web-share\" referrerpolicy=\"strict-origin-when-cross-origin\" allowfullscreen><\/iframe>\n<\/div><\/figure>\n\n\n\n<br><br>\n\n\n\n<figure class=\"wp-block-embed is-type-video is-provider-youtube wp-block-embed-youtube wp-embed-aspect-16-9 wp-has-aspect-ratio\"><div class=\"wp-block-embed__wrapper\">\n<iframe loading=\"lazy\" title=\"Paris Manga\" width=\"1032\" height=\"581\" src=\"https:\/\/www.youtube.com\/embed\/OLxL98mizR8?feature=oembed\" frameborder=\"0\" allow=\"accelerometer; autoplay; clipboard-write; encrypted-media; gyroscope; picture-in-picture; web-share\" referrerpolicy=\"strict-origin-when-cross-origin\" allowfullscreen><\/iframe>\n<\/div><\/figure>\n\n\n\n<br>\n\n\n\n<p><\/p>\n\n\n\n<p class=\"has-text-align-center\"><strong>Vernissage de \u00ab\u00a0Peuple Souvereine\u00a0\u00bb au Caf\u00e9 Curieux le samedi 13 janvier 2024<\/strong><\/p>\n\n\n\n<p>Performance dans\u00e9e de \u00ab\u00a0Moon Eyes\u00a0\u00bb<\/p>\n\n\n\n<figure class=\"wp-block-embed is-type-video is-provider-youtube wp-block-embed-youtube wp-embed-aspect-16-9 wp-has-aspect-ratio\"><div class=\"wp-block-embed__wrapper\">\n<iframe loading=\"lazy\" title=\"MoonEyes1\" width=\"1032\" height=\"581\" src=\"https:\/\/www.youtube.com\/embed\/ORm5zXhdabw?feature=oembed\" frameborder=\"0\" allow=\"accelerometer; autoplay; clipboard-write; encrypted-media; gyroscope; picture-in-picture; web-share\" referrerpolicy=\"strict-origin-when-cross-origin\" allowfullscreen><\/iframe>\n<\/div><figcaption class=\"wp-element-caption\"><a href=\"https:\/\/linktr.ee\/mooneyespro\" target=\"_blank\" rel=\"noreferrer noopener\">https:\/\/linktr.ee\/mooneyespro<\/a><\/figcaption><\/figure>\n\n\n\n<figure class=\"wp-block-embed is-type-video is-provider-youtube wp-block-embed-youtube wp-embed-aspect-16-9 wp-has-aspect-ratio\"><div class=\"wp-block-embed__wrapper\">\n<iframe loading=\"lazy\" title=\"MoonEyes2\" width=\"1032\" height=\"581\" src=\"https:\/\/www.youtube.com\/embed\/TdNpHv5BCMk?feature=oembed\" frameborder=\"0\" allow=\"accelerometer; autoplay; clipboard-write; encrypted-media; gyroscope; picture-in-picture; web-share\" referrerpolicy=\"strict-origin-when-cross-origin\" allowfullscreen><\/iframe>\n<\/div><figcaption class=\"wp-element-caption\"><a href=\"https:\/\/linktr.ee\/mooneyespro\" target=\"_blank\" rel=\"noreferrer noopener\">https:\/\/linktr.ee\/mooneyespro<\/a><\/figcaption><\/figure>\n\n\n\n<figure class=\"wp-block-embed is-type-video is-provider-youtube wp-block-embed-youtube wp-embed-aspect-16-9 wp-has-aspect-ratio\"><div class=\"wp-block-embed__wrapper\">\n<iframe loading=\"lazy\" title=\"MoonEyes3\" width=\"1032\" height=\"581\" src=\"https:\/\/www.youtube.com\/embed\/dJrkq5GF3Ag?feature=oembed\" frameborder=\"0\" allow=\"accelerometer; autoplay; clipboard-write; encrypted-media; gyroscope; picture-in-picture; web-share\" referrerpolicy=\"strict-origin-when-cross-origin\" allowfullscreen><\/iframe>\n<\/div><figcaption class=\"wp-element-caption\"><a href=\"https:\/\/linktr.ee\/mooneyespro\" target=\"_blank\" rel=\"noreferrer noopener\">https:\/\/linktr.ee\/mooneyespro<\/a><\/figcaption><\/figure>\n\n\n\n<figure class=\"wp-block-embed is-type-video is-provider-youtube wp-block-embed-youtube wp-embed-aspect-16-9 wp-has-aspect-ratio\"><div class=\"wp-block-embed__wrapper\">\n<iframe loading=\"lazy\" title=\"MoonEyes4\" width=\"1032\" height=\"581\" src=\"https:\/\/www.youtube.com\/embed\/ktlRiy0DuZQ?feature=oembed\" frameborder=\"0\" allow=\"accelerometer; autoplay; clipboard-write; encrypted-media; gyroscope; picture-in-picture; web-share\" referrerpolicy=\"strict-origin-when-cross-origin\" allowfullscreen><\/iframe>\n<\/div><figcaption class=\"wp-element-caption\"><span style=\"color: rgb(233, 180, 76); text-decoration-line: underline;\">https:\/\/linktr.ee\/mooneyespro<\/span><br><\/figcaption><\/figure>\n\n\n\n<p><br><\/p>\n","protected":false},"excerpt":{"rendered":"<p>Vernissage du 11 janvier 2025 au Caf\u00e9 Curieux Quelques images de cet \u00e9t\u00e9 avec Intersection Festival de Po\u00e9sie en juin Vernissage de \u00ab\u00a0Peuple Souvereine\u00a0\u00bb au &hellip;<\/p>\n","protected":false},"author":1,"featured_media":0,"parent":0,"menu_order":0,"comment_status":"closed","ping_status":"closed","template":"","meta":{"footnotes":""},"class_list":["post-147","page","type-page","status-publish","hentry"],"_links":{"self":[{"href":"https:\/\/association-intersection.fr\/index.php?rest_route=\/wp\/v2\/pages\/147","targetHints":{"allow":["GET"]}}],"collection":[{"href":"https:\/\/association-intersection.fr\/index.php?rest_route=\/wp\/v2\/pages"}],"about":[{"href":"https:\/\/association-intersection.fr\/index.php?rest_route=\/wp\/v2\/types\/page"}],"author":[{"embeddable":true,"href":"https:\/\/association-intersection.fr\/index.php?rest_route=\/wp\/v2\/users\/1"}],"replies":[{"embeddable":true,"href":"https:\/\/association-intersection.fr\/index.php?rest_route=%2Fwp%2Fv2%2Fcomments&post=147"}],"version-history":[{"count":35,"href":"https:\/\/association-intersection.fr\/index.php?rest_route=\/wp\/v2\/pages\/147\/revisions"}],"predecessor-version":[{"id":1058,"href":"https:\/\/association-intersection.fr\/index.php?rest_route=\/wp\/v2\/pages\/147\/revisions\/1058"}],"wp:attachment":[{"href":"https:\/\/association-intersection.fr\/index.php?rest_route=%2Fwp%2Fv2%2Fmedia&parent=147"}],"curies":[{"name":"wp","href":"https:\/\/api.w.org\/{rel}","templated":true}]}}