{"id":33,"date":"2023-05-26T22:00:29","date_gmt":"2023-05-26T20:00:29","guid":{"rendered":"http:\/\/localhost\/?page_id=33"},"modified":"2025-10-15T16:32:18","modified_gmt":"2025-10-15T14:32:18","slug":"les-copains-dabord","status":"publish","type":"page","link":"https:\/\/association-intersection.fr\/?page_id=33","title":{"rendered":"Les Copains D&rsquo;abord"},"content":{"rendered":"\n<div class=\"wp-block-media-text has-media-on-the-right is-stacked-on-mobile\" style=\"grid-template-columns:auto 55%\"><div class=\"wp-block-media-text__content\">\n<p>10 avenue de la R\u00e9publique,<br>91700 Ste Genevi\u00e8ve des Bois<\/p>\n<\/div><figure class=\"wp-block-media-text__media\"><a href=\"https:\/\/www.google.fr\/maps\/place\/GEM+d'Intersection+Les+Copains+D'abord\/@48.6390842,2.3173826,17z\/data=!3m1!4b1!4m6!3m5!1s0x47e5d90d48308d35:0xd83480281479940a!8m2!3d48.6390842!4d2.3199575!16s%2Fg%2F11l22h0_3h?entry=ttu&amp;g_ep=EgoyMDI1MTAxMi4wIKXMDSoASAFQAw%3D%3D\" target=\"_blank\" rel=\"noreferrer noopener\"><img loading=\"lazy\" decoding=\"async\" width=\"672\" height=\"266\" src=\"https:\/\/association-intersection.fr\/wp-content\/uploads\/2025\/10\/MapStegen2025.jpg\" alt=\"\" class=\"wp-image-1340 size-full\" srcset=\"https:\/\/association-intersection.fr\/wp-content\/uploads\/2025\/10\/MapStegen2025.jpg 672w, https:\/\/association-intersection.fr\/wp-content\/uploads\/2025\/10\/MapStegen2025-300x119.jpg 300w, https:\/\/association-intersection.fr\/wp-content\/uploads\/2025\/10\/MapStegen2025-583x231.jpg 583w\" sizes=\"auto, (max-width: 672px) 100vw, 672px\" \/><\/a><\/figure><\/div>\n\n\n\n<p>01 69 25 15 49<\/p>\n\n\n\n<div class=\"wp-block-media-text alignwide is-stacked-on-mobile\"><figure class=\"wp-block-media-text__media\"><img loading=\"lazy\" decoding=\"async\" width=\"882\" height=\"1002\" src=\"https:\/\/association-intersection.fr\/wp-content\/uploads\/2024\/06\/img_stegen.png\" alt=\"\" class=\"wp-image-706 size-full\" srcset=\"https:\/\/association-intersection.fr\/wp-content\/uploads\/2024\/06\/img_stegen.png 882w, https:\/\/association-intersection.fr\/wp-content\/uploads\/2024\/06\/img_stegen-264x300.png 264w, https:\/\/association-intersection.fr\/wp-content\/uploads\/2024\/06\/img_stegen-768x872.png 768w\" sizes=\"auto, (max-width: 882px) 100vw, 882px\" \/><\/figure><div class=\"wp-block-media-text__content\">\n<p>43 adh\u00e9rents<\/p>\n\n\n\n<p>Le premier GEM de l\u2019association s\u2019est concentr\u00e9 sur les activit\u00e9s sportives pour favoriser le cr\u00e9ation de liens et de moments de partage entre les adh\u00e9rents. D\u2019autres activit\u00e9s sont \u00e9galement propos\u00e9es en fonction des int\u00e9r\u00eats et des demandes de chacun.<\/p>\n\n\n\n<p>Les activit\u00e9s sportives comprennent le football, la p\u00e9tanque et le tennis de table, qui sont pratiqu\u00e9es dans le cadre du sport adapt\u00e9. Les adh\u00e9rents ont l\u2019opportunit\u00e9 de participer \u00e0 diff\u00e9rents championnats.<\/p>\n<\/div><\/div>\n\n\n\n<figure class=\"wp-block-embed is-type-video is-provider-youtube wp-block-embed-youtube wp-embed-aspect-16-9 wp-has-aspect-ratio\"><div class=\"wp-block-embed__wrapper\">\n<iframe loading=\"lazy\" title=\"Intersection cr\u00e9ation musicale vid\u00e9o\" width=\"1032\" height=\"581\" src=\"https:\/\/www.youtube.com\/embed\/f_2bTGtAwAA?feature=oembed\" frameborder=\"0\" allow=\"accelerometer; autoplay; clipboard-write; encrypted-media; gyroscope; picture-in-picture; web-share\" referrerpolicy=\"strict-origin-when-cross-origin\" allowfullscreen><\/iframe>\n<\/div><figcaption class=\"wp-element-caption\">Atelier cr\u00e9ation musicale au GEM Les Copains D&rsquo;abord<\/figcaption><\/figure>\n","protected":false},"excerpt":{"rendered":"<p>10 avenue de la R\u00e9publique,91700 Ste Genevi\u00e8ve des Bois 01 69 25 15 49 43 adh\u00e9rents Le premier GEM de l\u2019association s\u2019est concentr\u00e9 sur les &hellip;<\/p>\n","protected":false},"author":1,"featured_media":0,"parent":0,"menu_order":0,"comment_status":"closed","ping_status":"closed","template":"","meta":{"footnotes":""},"class_list":["post-33","page","type-page","status-publish","hentry"],"_links":{"self":[{"href":"https:\/\/association-intersection.fr\/index.php?rest_route=\/wp\/v2\/pages\/33","targetHints":{"allow":["GET"]}}],"collection":[{"href":"https:\/\/association-intersection.fr\/index.php?rest_route=\/wp\/v2\/pages"}],"about":[{"href":"https:\/\/association-intersection.fr\/index.php?rest_route=\/wp\/v2\/types\/page"}],"author":[{"embeddable":true,"href":"https:\/\/association-intersection.fr\/index.php?rest_route=\/wp\/v2\/users\/1"}],"replies":[{"embeddable":true,"href":"https:\/\/association-intersection.fr\/index.php?rest_route=%2Fwp%2Fv2%2Fcomments&post=33"}],"version-history":[{"count":14,"href":"https:\/\/association-intersection.fr\/index.php?rest_route=\/wp\/v2\/pages\/33\/revisions"}],"predecessor-version":[{"id":1346,"href":"https:\/\/association-intersection.fr\/index.php?rest_route=\/wp\/v2\/pages\/33\/revisions\/1346"}],"wp:attachment":[{"href":"https:\/\/association-intersection.fr\/index.php?rest_route=%2Fwp%2Fv2%2Fmedia&parent=33"}],"curies":[{"name":"wp","href":"https:\/\/api.w.org\/{rel}","templated":true}]}}