{"id":41,"date":"2023-06-02T20:57:03","date_gmt":"2023-06-02T18:57:03","guid":{"rendered":"http:\/\/localhost\/?page_id=41"},"modified":"2025-10-15T16:34:35","modified_gmt":"2025-10-15T14:34:35","slug":"rencontre-partage","status":"publish","type":"page","link":"https:\/\/association-intersection.fr\/?page_id=41","title":{"rendered":"Rencontre &#038; Partage"},"content":{"rendered":"\n<div class=\"wp-block-media-text has-media-on-the-right is-stacked-on-mobile\"><div class=\"wp-block-media-text__content\">\n<p>1 rue Neuve Saint Gilles,<br>91100 Etampes<\/p>\n<\/div><figure class=\"wp-block-media-text__media\"><a href=\"https:\/\/www.google.fr\/maps\/place\/Gem\/@48.4314654,2.1501159,19z\/data=!4m15!1m8!3m7!1s0x47e5cbd90ecda52b:0x7833af6c4725dbf0!2s1+Rue+Neuve+Saint-Gilles,+91150+%C3%89tampes!3b1!8m2!3d48.4315235!4d2.151221!16s%2Fg%2F11c1ghh4yx!3m5!1s0x47e5cbd90f137c77:0x47f803234d1100a4!8m2!3d48.4316016!4d2.1513524!16s%2Fg%2F11f4pxzx6z?entry=ttu&amp;g_ep=EgoyMDI1MTAxMi4wIKXMDSoASAFQAw%3D%3D\" target=\"_blank\" rel=\"noreferrer noopener\"><img loading=\"lazy\" decoding=\"async\" width=\"672\" height=\"266\" src=\"https:\/\/association-intersection.fr\/wp-content\/uploads\/2025\/10\/MapEtampes2025.jpg\" alt=\"\" class=\"wp-image-1337 size-full\" srcset=\"https:\/\/association-intersection.fr\/wp-content\/uploads\/2025\/10\/MapEtampes2025.jpg 672w, https:\/\/association-intersection.fr\/wp-content\/uploads\/2025\/10\/MapEtampes2025-300x119.jpg 300w, https:\/\/association-intersection.fr\/wp-content\/uploads\/2025\/10\/MapEtampes2025-583x231.jpg 583w\" sizes=\"auto, (max-width: 672px) 100vw, 672px\" \/><\/a><\/figure><\/div>\n\n\n\n<p><br>01 64 94 32 58<\/p>\n\n\n\n<div class=\"wp-block-media-text alignwide is-stacked-on-mobile\"><figure class=\"wp-block-media-text__media\"><img loading=\"lazy\" decoding=\"async\" width=\"882\" height=\"1002\" src=\"https:\/\/association-intersection.fr\/wp-content\/uploads\/2024\/06\/img_etampes.png\" alt=\"\" class=\"wp-image-704 size-full\" srcset=\"https:\/\/association-intersection.fr\/wp-content\/uploads\/2024\/06\/img_etampes.png 882w, https:\/\/association-intersection.fr\/wp-content\/uploads\/2024\/06\/img_etampes-264x300.png 264w, https:\/\/association-intersection.fr\/wp-content\/uploads\/2024\/06\/img_etampes-768x872.png 768w\" sizes=\"auto, (max-width: 882px) 100vw, 882px\" \/><\/figure><div class=\"wp-block-media-text__content\">\n<p>30 adh\u00e9rents<\/p>\n\n\n\n<p>Le GEM offre \u00e0 ses adh\u00e9rents une vari\u00e9t\u00e9 d\u2019activit\u00e9s culturelles et de loisirs en partenariat avec des structures collectives locales telles que la piscine, le cin\u00e9ma, les mus\u00e9es et un club de tir \u00e0 l\u2019arc.<\/p>\n\n\n\n<p>En plus de cela, il propose \u00e9galement des activit\u00e9s en int\u00e9rieur comme la peinture, la relaxation, la sophrologie, le shiatsu, le dessin, les repas, les jeux de soci\u00e9t\u00e9 et les projections de films, pour permettre aux adh\u00e9rents de profiter pleinement du local.<\/p>\n\n\n\n<p>Le but est de renforcer le collectif tout en encourageant l\u2019ouverture sur l\u2019ext\u00e9rieur. Les adh\u00e9rents sont encourag\u00e9s \u00e0 proposer des activit\u00e9s r\u00e9guli\u00e8res ou ponctuelles, tout en \u00e9tant accompagn\u00e9s s\u2019ils le souhaitent. Cela permet une v\u00e9ritable implication de chacun dans le projet et renforce la coh\u00e9sion du groupe, dans le respect du groupe, de soi, de l\u2019autre et du lieu.<\/p>\n<\/div><\/div>\n","protected":false},"excerpt":{"rendered":"<p>1 rue Neuve Saint Gilles,91100 Etampes 01 64 94 32 58 30 adh\u00e9rents Le GEM offre \u00e0 ses adh\u00e9rents une vari\u00e9t\u00e9 d\u2019activit\u00e9s culturelles et de &hellip;<\/p>\n","protected":false},"author":1,"featured_media":0,"parent":0,"menu_order":0,"comment_status":"closed","ping_status":"closed","template":"","meta":{"footnotes":""},"class_list":["post-41","page","type-page","status-publish","hentry"],"_links":{"self":[{"href":"https:\/\/association-intersection.fr\/index.php?rest_route=\/wp\/v2\/pages\/41","targetHints":{"allow":["GET"]}}],"collection":[{"href":"https:\/\/association-intersection.fr\/index.php?rest_route=\/wp\/v2\/pages"}],"about":[{"href":"https:\/\/association-intersection.fr\/index.php?rest_route=\/wp\/v2\/types\/page"}],"author":[{"embeddable":true,"href":"https:\/\/association-intersection.fr\/index.php?rest_route=\/wp\/v2\/users\/1"}],"replies":[{"embeddable":true,"href":"https:\/\/association-intersection.fr\/index.php?rest_route=%2Fwp%2Fv2%2Fcomments&post=41"}],"version-history":[{"count":7,"href":"https:\/\/association-intersection.fr\/index.php?rest_route=\/wp\/v2\/pages\/41\/revisions"}],"predecessor-version":[{"id":1348,"href":"https:\/\/association-intersection.fr\/index.php?rest_route=\/wp\/v2\/pages\/41\/revisions\/1348"}],"wp:attachment":[{"href":"https:\/\/association-intersection.fr\/index.php?rest_route=%2Fwp%2Fv2%2Fmedia&parent=41"}],"curies":[{"name":"wp","href":"https:\/\/api.w.org\/{rel}","templated":true}]}}