{"id":46,"date":"2023-06-02T21:03:16","date_gmt":"2023-06-02T19:03:16","guid":{"rendered":"http:\/\/localhost\/?page_id=46"},"modified":"2026-02-03T12:25:22","modified_gmt":"2026-02-03T11:25:22","slug":"la-bonne-etoile","status":"publish","type":"page","link":"https:\/\/association-intersection.fr\/?page_id=46","title":{"rendered":"La Bonne Etoile"},"content":{"rendered":"\n<p>01 69 36 95 43<\/p>\n\n\n\n<p>Nouvelle adresse !<\/p>\n\n\n\n<div class=\"wp-block-media-text has-media-on-the-right is-stacked-on-mobile\"><div class=\"wp-block-media-text__content\">\n<p>5 rue Fran\u00e7ois Truffaut<br>91000 Evry Courcouronnes<\/p>\n<\/div><figure class=\"wp-block-media-text__media\"><a href=\"https:\/\/www.google.com\/maps\/place\/5+Rue+Fran%C3%A7ois+Truffaut,+91080+%C3%89vry-Courcouronnes\/@48.6309788,2.4165986,16z\/data=!3m1!4b1!4m6!3m5!1s0x47e5de1687e86f5b:0x1d2ccfa3b19dfa10!8m2!3d48.6309789!4d2.4214695!16s%2Fg%2F11q2x8lbq3\" target=\"_blank\" rel=\" noreferrer noopener\"><img loading=\"lazy\" decoding=\"async\" width=\"672\" height=\"266\" src=\"https:\/\/association-intersection.fr\/wp-content\/uploads\/2026\/02\/MapEvry2026-ok.jpg\" alt=\"\" class=\"wp-image-1477 size-full\" srcset=\"https:\/\/association-intersection.fr\/wp-content\/uploads\/2026\/02\/MapEvry2026-ok.jpg 672w, https:\/\/association-intersection.fr\/wp-content\/uploads\/2026\/02\/MapEvry2026-ok-300x119.jpg 300w, https:\/\/association-intersection.fr\/wp-content\/uploads\/2026\/02\/MapEvry2026-ok-583x231.jpg 583w\" sizes=\"auto, (max-width: 672px) 100vw, 672px\" \/><\/a><\/figure><\/div>\n\n\n\n<div class=\"wp-block-media-text alignwide is-stacked-on-mobile\"><figure class=\"wp-block-media-text__media\"><img loading=\"lazy\" decoding=\"async\" width=\"882\" height=\"1002\" src=\"https:\/\/association-intersection.fr\/wp-content\/uploads\/2026\/02\/La_Bonne_Etoile_2026.png\" alt=\"\" class=\"wp-image-1471 size-full\" srcset=\"https:\/\/association-intersection.fr\/wp-content\/uploads\/2026\/02\/La_Bonne_Etoile_2026.png 882w, https:\/\/association-intersection.fr\/wp-content\/uploads\/2026\/02\/La_Bonne_Etoile_2026-264x300.png 264w, https:\/\/association-intersection.fr\/wp-content\/uploads\/2026\/02\/La_Bonne_Etoile_2026-768x872.png 768w\" sizes=\"auto, (max-width: 882px) 100vw, 882px\" \/><\/figure><div class=\"wp-block-media-text__content\">\n<p>73 adh\u00e9rents<\/p>\n\n\n\n<p>Le GEM met \u00e0 disposition de ses adh\u00e9rents une vari\u00e9t\u00e9 d\u2019activit\u00e9s artistiques et culturelles, y compris un partenariat avec le conservatoire d\u2019Evry pour l\u2019activit\u00e9 \u00ab&nbsp;percut\u2019chant&nbsp;\u00bb. Des sorties et d\u2019autres activit\u00e9s sont \u00e9galement propos\u00e9es et discut\u00e9es lors des r\u00e9unions d\u2019adh\u00e9rents.<\/p>\n\n\n\n<p>Le partenariat est un aspect essentiel de l\u2019accompagnement offert aux adh\u00e9rents pour leur permettre de profiter pleinement de ces activit\u00e9s. Le GEM est ouvert du mardi au samedi de 10h \u00e0 17h et un dimanche par mois.<\/p>\n<\/div><\/div>\n","protected":false},"excerpt":{"rendered":"<p>01 69 36 95 43 Nouvelle adresse ! 5 rue Fran\u00e7ois Truffaut91000 Evry Courcouronnes 73 adh\u00e9rents Le GEM met \u00e0 disposition de ses adh\u00e9rents une &hellip;<\/p>\n","protected":false},"author":1,"featured_media":0,"parent":0,"menu_order":0,"comment_status":"closed","ping_status":"closed","template":"","meta":{"footnotes":""},"class_list":["post-46","page","type-page","status-publish","hentry"],"_links":{"self":[{"href":"https:\/\/association-intersection.fr\/index.php?rest_route=\/wp\/v2\/pages\/46","targetHints":{"allow":["GET"]}}],"collection":[{"href":"https:\/\/association-intersection.fr\/index.php?rest_route=\/wp\/v2\/pages"}],"about":[{"href":"https:\/\/association-intersection.fr\/index.php?rest_route=\/wp\/v2\/types\/page"}],"author":[{"embeddable":true,"href":"https:\/\/association-intersection.fr\/index.php?rest_route=\/wp\/v2\/users\/1"}],"replies":[{"embeddable":true,"href":"https:\/\/association-intersection.fr\/index.php?rest_route=%2Fwp%2Fv2%2Fcomments&post=46"}],"version-history":[{"count":12,"href":"https:\/\/association-intersection.fr\/index.php?rest_route=\/wp\/v2\/pages\/46\/revisions"}],"predecessor-version":[{"id":1479,"href":"https:\/\/association-intersection.fr\/index.php?rest_route=\/wp\/v2\/pages\/46\/revisions\/1479"}],"wp:attachment":[{"href":"https:\/\/association-intersection.fr\/index.php?rest_route=%2Fwp%2Fv2%2Fmedia&parent=46"}],"curies":[{"name":"wp","href":"https:\/\/api.w.org\/{rel}","templated":true}]}}