{"id":51,"date":"2023-06-02T21:06:56","date_gmt":"2023-06-02T19:06:56","guid":{"rendered":"http:\/\/localhost\/?page_id=51"},"modified":"2026-02-06T15:16:56","modified_gmt":"2026-02-06T14:16:56","slug":"le-cafe-curieux","status":"publish","type":"page","link":"https:\/\/association-intersection.fr\/?page_id=51","title":{"rendered":"Le Caf\u00e9 Curieux"},"content":{"rendered":"\n<div class=\"wp-block-media-text has-media-on-the-right is-stacked-on-mobile\"><div class=\"wp-block-media-text__content\">\n<p>2 bis rue Colas,<br>91390 Morsang-sur-orge<\/p>\n<\/div><figure class=\"wp-block-media-text__media\"><a href=\"https:\/\/www.google.fr\/maps\/place\/Caf%C3%A9+Curieux\/@48.6624263,2.3433252,17z\/data=!3m1!4b1!4m6!3m5!1s0x47e5d8d3d272e219:0x4b689975c57e79a3!8m2!3d48.6624263!4d2.3459001!16s%2Fg%2F11b8_4x3zm?entry=ttu&amp;g_ep=EgoyMDI1MTAxMi4wIKXMDSoASAFQAw%3D%3D\" target=\"_blank\" rel=\"noreferrer noopener\"><img loading=\"lazy\" decoding=\"async\" width=\"672\" height=\"266\" src=\"https:\/\/association-intersection.fr\/wp-content\/uploads\/2025\/10\/MapMorsang2025.jpg\" alt=\"\" class=\"wp-image-1339 size-full\" srcset=\"https:\/\/association-intersection.fr\/wp-content\/uploads\/2025\/10\/MapMorsang2025.jpg 672w, https:\/\/association-intersection.fr\/wp-content\/uploads\/2025\/10\/MapMorsang2025-300x119.jpg 300w, https:\/\/association-intersection.fr\/wp-content\/uploads\/2025\/10\/MapMorsang2025-583x231.jpg 583w\" sizes=\"auto, (max-width: 672px) 100vw, 672px\" \/><\/a><\/figure><\/div>\n\n\n\n<p><br>01 69 04 21 59<\/p>\n\n\n\n<div class=\"wp-block-media-text alignwide is-stacked-on-mobile\"><figure class=\"wp-block-media-text__media\"><img loading=\"lazy\" decoding=\"async\" width=\"882\" height=\"1002\" src=\"https:\/\/association-intersection.fr\/wp-content\/uploads\/2026\/02\/img_cafe-curieux-2026.png\" alt=\"\" class=\"wp-image-1490 size-full\" srcset=\"https:\/\/association-intersection.fr\/wp-content\/uploads\/2026\/02\/img_cafe-curieux-2026.png 882w, https:\/\/association-intersection.fr\/wp-content\/uploads\/2026\/02\/img_cafe-curieux-2026-264x300.png 264w, https:\/\/association-intersection.fr\/wp-content\/uploads\/2026\/02\/img_cafe-curieux-2026-768x872.png 768w\" sizes=\"auto, (max-width: 882px) 100vw, 882px\" \/><\/figure><div class=\"wp-block-media-text__content\">\n<p>56 adh\u00e9rents<\/p>\n\n\n\n<p>Le Caf\u00e9 Curieux est le premier GEM de l\u2019Essonne, ouvert en 2004, il a rejoint l\u2019association INTERSECTION en 2018.<\/p>\n\n\n\n<p>Sa sp\u00e9cificit\u00e9 est d\u2019\u00eatre un lieu ouvert \u00e0 tous, petit caf\u00e9 g\u00e9r\u00e9 par les adh\u00e9rents et b\u00e9n\u00e9voles, il offre un cadre convivial, atypique avec des touches artistiques tr\u00e8s appr\u00e9ci\u00e9es.<\/p>\n\n\n\n<p>Diff\u00e9rentes activit\u00e9s et ateliers sont propos\u00e9es tout au long de l&rsquo;ann\u00e9e qui sont autant de temps conviviaux et de partage.<br>N&rsquo;h\u00e9sitez pas \u00e0 consulter <a href=\"https:\/\/association-intersection.fr\/?page_id=97\" target=\"_blank\" rel=\"noreferrer noopener\">le planning mensuel <\/a>pour voir ce que vous pouvez faire avec nous.<\/p>\n\n\n\n<p>Situ\u00e9 \u00e0 Morsang, non loin de la mairie nous sommes aussi une galerie d&rsquo;art et notre terrasse en mosa\u00efque vous accueille durant les beaux jours.<\/p>\n<\/div><\/div>\n\n\n\n<p>Le Caf\u00e9 Curieux est ouvert du lundi au samedi de 13h30 \u00e0 17h30 sauf les jours f\u00e9ri\u00e9s. Il y a aussi certaines matin\u00e9es avec des activit\u00e9s pour les adh\u00e9rents. Vous r\u00e9f\u00e9rer au planning pour plus de pr\u00e9cisions. (Rubrique \u00ab\u00a0CALENDRIERS\u00a0\u00bb).<\/p>\n\n\n\n<div class=\"wp-block-media-text is-stacked-on-mobile\" style=\"grid-template-columns:52% auto\"><figure class=\"wp-block-media-text__media\"><img loading=\"lazy\" decoding=\"async\" width=\"591\" height=\"844\" src=\"https:\/\/association-intersection.fr\/wp-content\/uploads\/2026\/01\/presences-montage.jpg\" alt=\"\" class=\"wp-image-1446 size-full\" srcset=\"https:\/\/association-intersection.fr\/wp-content\/uploads\/2026\/01\/presences-montage.jpg 591w, https:\/\/association-intersection.fr\/wp-content\/uploads\/2026\/01\/presences-montage-210x300.jpg 210w\" sizes=\"auto, (max-width: 591px) 100vw, 591px\" \/><\/figure><div class=\"wp-block-media-text__content\">\n<h4 class=\"wp-block-heading\">Actuellement au Caf\u00e9 Curieux :<\/h4>\n\n\n\n<p>\u00ab\u00a0Pr\u00e9sences\u00a0\u00bb<\/p>\n\n\n\n<p>Pour cette exposition nous avons invit\u00e9 la photographe Val\u00e9rie Nunes qui nous propose une de ses \u0153uvre \u00e0 partir de laquelle de nombreux-ses artistes se sont inspir\u00e9s, parfois en photo, mais pas seulement, peinture et toutes techniques viennent \u00e0 la rencontre des imaginaires<br>Inspiration, interpr\u00e9tations\u2026<\/p>\n<\/div><\/div>\n\n\n\n<div class=\"wp-block-columns is-layout-flex wp-container-core-columns-is-layout-9d6595d7 wp-block-columns-is-layout-flex\">\n<div class=\"wp-block-column is-layout-flow wp-block-column-is-layout-flow\"><\/div>\n<\/div>\n\n\n\n<p><\/p>\n","protected":false},"excerpt":{"rendered":"<p>2 bis rue Colas,91390 Morsang-sur-orge 01 69 04 21 59 56 adh\u00e9rents Le Caf\u00e9 Curieux est le premier GEM de l\u2019Essonne, ouvert en 2004, il &hellip;<\/p>\n","protected":false},"author":1,"featured_media":0,"parent":0,"menu_order":0,"comment_status":"closed","ping_status":"closed","template":"","meta":{"footnotes":""},"class_list":["post-51","page","type-page","status-publish","hentry"],"_links":{"self":[{"href":"https:\/\/association-intersection.fr\/index.php?rest_route=\/wp\/v2\/pages\/51","targetHints":{"allow":["GET"]}}],"collection":[{"href":"https:\/\/association-intersection.fr\/index.php?rest_route=\/wp\/v2\/pages"}],"about":[{"href":"https:\/\/association-intersection.fr\/index.php?rest_route=\/wp\/v2\/types\/page"}],"author":[{"embeddable":true,"href":"https:\/\/association-intersection.fr\/index.php?rest_route=\/wp\/v2\/users\/1"}],"replies":[{"embeddable":true,"href":"https:\/\/association-intersection.fr\/index.php?rest_route=%2Fwp%2Fv2%2Fcomments&post=51"}],"version-history":[{"count":34,"href":"https:\/\/association-intersection.fr\/index.php?rest_route=\/wp\/v2\/pages\/51\/revisions"}],"predecessor-version":[{"id":1494,"href":"https:\/\/association-intersection.fr\/index.php?rest_route=\/wp\/v2\/pages\/51\/revisions\/1494"}],"wp:attachment":[{"href":"https:\/\/association-intersection.fr\/index.php?rest_route=%2Fwp%2Fv2%2Fmedia&parent=51"}],"curies":[{"name":"wp","href":"https:\/\/api.w.org\/{rel}","templated":true}]}}